{"id":6668,"date":"2018-01-19T10:53:00","date_gmt":"2018-01-19T13:53:00","guid":{"rendered":"http:\/\/www.esportesbrasilia.com.br\/noticias\/?page_id=6668"},"modified":"2018-07-09T10:37:49","modified_gmt":"2018-07-09T13:37:49","slug":"candangao2018seriea","status":"publish","type":"page","link":"https:\/\/www.esportesbrasilia.com.br\/noticias\/candangao2018seriea","title":{"rendered":"Tabela Candang\u00e3o S\u00e9rie A 2018"},"content":{"rendered":"<p><img loading=\"lazy\" decoding=\"async\" class=\"aligncenter size-large wp-image-8070\" src=\"https:\/\/www.esportesbrasilia.com.br\/noticias\/wp-content\/uploads\/postersobradinhocampeao-7-1024x683.jpg\" alt=\"postersobradinhocampeao\" width=\"640\" height=\"427\" srcset=\"https:\/\/www.esportesbrasilia.com.br\/noticias\/wp-content\/uploads\/postersobradinhocampeao-7-1024x683.jpg 1024w, https:\/\/www.esportesbrasilia.com.br\/noticias\/wp-content\/uploads\/postersobradinhocampeao-7-300x200.jpg 300w, https:\/\/www.esportesbrasilia.com.br\/noticias\/wp-content\/uploads\/postersobradinhocampeao-7-768x512.jpg 768w, https:\/\/www.esportesbrasilia.com.br\/noticias\/wp-content\/uploads\/postersobradinhocampeao-7-696x464.jpg 696w, https:\/\/www.esportesbrasilia.com.br\/noticias\/wp-content\/uploads\/postersobradinhocampeao-7-1068x712.jpg 1068w, https:\/\/www.esportesbrasilia.com.br\/noticias\/wp-content\/uploads\/postersobradinhocampeao-7-630x420.jpg 630w, https:\/\/www.esportesbrasilia.com.br\/noticias\/wp-content\/uploads\/postersobradinhocampeao-7.jpg 1920w\" sizes=\"auto, (max-width: 640px) 100vw, 640px\" \/><\/p>\n<p><em>Atualizada em 08\/04\/2018 \u00e0s 12:55<\/em><\/p>\n<p><a href=\"#classificacao\">CLASSIFICA\u00c7\u00c3O<\/a>\u00a0|\u00a0<a href=\"#artilharia\">ARTILHARIA<\/a>\u00a0|\u00a0<a href=\"#tabela1fase\">TABELA 1\u00aa FASE<\/a>\u00a0|\u00a0<a href=\"#tabela4as\">TABELA FASE\u00a0FINAL<\/a><\/p>\n<p><a name=\"classificacao\"><\/a><\/p>\n<h1 style=\"text-align: center;\"><strong>Classifica\u00e7\u00e3o<\/strong><\/h1>\n<table>\n<tbody>\n<tr>\n<td><strong>Pos.<\/strong><\/td>\n<td><strong>Time<\/strong><\/td>\n<td><strong>Pts<\/strong><\/td>\n<td><strong>J<\/strong><\/td>\n<td><strong>V<\/strong><\/td>\n<td><strong>E<\/strong><\/td>\n<td><strong>D<\/strong><\/td>\n<td><strong>GP<\/strong><\/td>\n<td><strong>GC<\/strong><\/td>\n<td><strong>SG<\/strong><\/td>\n<td><strong>Aprov.<\/strong><\/td>\n<\/tr>\n<tr>\n<td bgcolor=\"#00ff00\">1<\/td>\n<td bgcolor=\"#00ff00\">Ceil\u00e2ndia<\/td>\n<td bgcolor=\"#00ff00\">25<\/td>\n<td bgcolor=\"#00ff00\">11<\/td>\n<td bgcolor=\"#00ff00\">8<\/td>\n<td bgcolor=\"#00ff00\">1<\/td>\n<td bgcolor=\"#00ff00\">2<\/td>\n<td bgcolor=\"#00ff00\">21<\/td>\n<td bgcolor=\"#00ff00\">07<\/td>\n<td bgcolor=\"#00ff00\">+14<\/td>\n<td bgcolor=\"#00ff00\">75,7%<\/td>\n<\/tr>\n<tr>\n<td bgcolor=\"#00ff00\">2<\/td>\n<td bgcolor=\"#00ff00\">Gama<\/td>\n<td bgcolor=\"#00ff00\">23<\/td>\n<td bgcolor=\"#00ff00\">11<\/td>\n<td bgcolor=\"#00ff00\">7<\/td>\n<td bgcolor=\"#00ff00\">2<\/td>\n<td bgcolor=\"#00ff00\">2<\/td>\n<td bgcolor=\"#00ff00\">22<\/td>\n<td bgcolor=\"#00ff00\">11<\/td>\n<td bgcolor=\"#00ff00\">+11<\/td>\n<td bgcolor=\"#00ff00\">69,6%<\/td>\n<\/tr>\n<tr>\n<td bgcolor=\"#00ff00\">3<\/td>\n<td bgcolor=\"#00ff00\">Brasiliense<\/td>\n<td bgcolor=\"#00ff00\">21<\/td>\n<td bgcolor=\"#00ff00\">11<\/td>\n<td bgcolor=\"#00ff00\">6<\/td>\n<td bgcolor=\"#00ff00\">3<\/td>\n<td bgcolor=\"#00ff00\">2<\/td>\n<td bgcolor=\"#00ff00\">18<\/td>\n<td bgcolor=\"#00ff00\">09<\/td>\n<td bgcolor=\"#00ff00\">+09<\/td>\n<td bgcolor=\"#00ff00\">63,6%<\/td>\n<\/tr>\n<tr>\n<td bgcolor=\"#00ff00\">4<\/td>\n<td bgcolor=\"#00ff00\">Sobradinho<\/td>\n<td bgcolor=\"#00ff00\">20<\/td>\n<td bgcolor=\"#00ff00\">11<\/td>\n<td bgcolor=\"#00ff00\">6<\/td>\n<td bgcolor=\"#00ff00\">2<\/td>\n<td bgcolor=\"#00ff00\">3<\/td>\n<td bgcolor=\"#00ff00\">14<\/td>\n<td bgcolor=\"#00ff00\">11<\/td>\n<td bgcolor=\"#00ff00\">+03<\/td>\n<td bgcolor=\"#00ff00\">60,6%<\/td>\n<\/tr>\n<tr>\n<td bgcolor=\"#00ff00\">5<\/td>\n<td bgcolor=\"#00ff00\">Real<\/td>\n<td bgcolor=\"#00ff00\">18<\/td>\n<td bgcolor=\"#00ff00\">11<\/td>\n<td bgcolor=\"#00ff00\">5<\/td>\n<td bgcolor=\"#00ff00\">3<\/td>\n<td bgcolor=\"#00ff00\">3<\/td>\n<td bgcolor=\"#00ff00\">17<\/td>\n<td bgcolor=\"#00ff00\">13<\/td>\n<td bgcolor=\"#00ff00\">+04<\/td>\n<td bgcolor=\"#00ff00\">54,5%<\/td>\n<\/tr>\n<tr>\n<td bgcolor=\"#00ff00\">6<\/td>\n<td bgcolor=\"#00ff00\">Paracatu<\/td>\n<td bgcolor=\"#00ff00\">18<\/td>\n<td bgcolor=\"#00ff00\">11<\/td>\n<td bgcolor=\"#00ff00\">5<\/td>\n<td bgcolor=\"#00ff00\">3<\/td>\n<td bgcolor=\"#00ff00\">3<\/td>\n<td bgcolor=\"#00ff00\">14<\/td>\n<td bgcolor=\"#00ff00\">13<\/td>\n<td bgcolor=\"#00ff00\">+01<\/td>\n<td bgcolor=\"#00ff00\">54,5%<\/td>\n<\/tr>\n<tr>\n<td bgcolor=\"#00ff00\">7<\/td>\n<td bgcolor=\"#00ff00\">Luzi\u00e2nia<\/td>\n<td bgcolor=\"#00ff00\">14<\/td>\n<td bgcolor=\"#00ff00\">11<\/td>\n<td bgcolor=\"#00ff00\">2<\/td>\n<td bgcolor=\"#00ff00\">8<\/td>\n<td bgcolor=\"#00ff00\">1<\/td>\n<td bgcolor=\"#00ff00\">13<\/td>\n<td bgcolor=\"#00ff00\">10<\/td>\n<td bgcolor=\"#00ff00\">+03<\/td>\n<td bgcolor=\"#00ff00\">42,4%<\/td>\n<\/tr>\n<tr>\n<td bgcolor=\"#00ff00\">8<\/td>\n<td bgcolor=\"#00ff00\">Formosa<\/td>\n<td bgcolor=\"#00ff00\">13<\/td>\n<td bgcolor=\"#00ff00\">11<\/td>\n<td bgcolor=\"#00ff00\">3<\/td>\n<td bgcolor=\"#00ff00\">4<\/td>\n<td bgcolor=\"#00ff00\">4<\/td>\n<td bgcolor=\"#00ff00\">11<\/td>\n<td bgcolor=\"#00ff00\">15<\/td>\n<td bgcolor=\"#00ff00\">-04<\/td>\n<td bgcolor=\"#00ff00\">39,3%<\/td>\n<\/tr>\n<tr>\n<td>9<\/td>\n<td>Bolamense<\/td>\n<td>10<\/td>\n<td>11<\/td>\n<td>3<\/td>\n<td>1<\/td>\n<td>7<\/td>\n<td>08<\/td>\n<td>16<\/td>\n<td>-08<\/td>\n<td>30,3%<\/td>\n<\/tr>\n<tr>\n<td>10<\/td>\n<td>Santa Maria<\/td>\n<td>08<\/td>\n<td>11<\/td>\n<td>2<\/td>\n<td>2<\/td>\n<td>7<\/td>\n<td>17<\/td>\n<td>22<\/td>\n<td>-05<\/td>\n<td>24,2%<\/td>\n<\/tr>\n<tr>\n<td>11<\/td>\n<td>Parano\u00e1<\/td>\n<td>06<\/td>\n<td>11<\/td>\n<td>1<\/td>\n<td>3<\/td>\n<td>7<\/td>\n<td>07<\/td>\n<td>19<\/td>\n<td>-12<\/td>\n<td>18,1%<\/td>\n<\/tr>\n<tr>\n<td>12<\/td>\n<td>Samambaia<\/td>\n<td>05<\/td>\n<td>11<\/td>\n<td>1<\/td>\n<td>2<\/td>\n<td>8<\/td>\n<td>07<\/td>\n<td>19<\/td>\n<td>-12<\/td>\n<td>15,1%<\/td>\n<\/tr>\n<\/tbody>\n<\/table>\n<h1 style=\"text-align: center;\"><a name=\"artilharia\"><\/a><br \/>\n<b>Artilharia<\/b><\/h1>\n<p><strong>11 gols<\/strong><br \/>\nMichel Platini (Sobradinho)<\/p>\n<p><strong>8\u00a0gols<br \/>\n<\/strong>Paulo Rene (Paracatu)<br \/>\nNunes (Brasiliense)<\/p>\n<p><strong>6 gols<\/strong><br \/>\nCardoso (Formosa)<br \/>\nBaiano (Real)<\/p>\n<p><strong>5 gols<\/strong><br \/>\nFormiga (Ceil\u00e2ndia)<br \/>\nChina, \u00cdndio (Luzi\u00e2nia)<br \/>\nRafael Amoroso (Samambaia)<\/p>\n<p><strong>4 gols<\/strong><br \/>\nReinaldo, Romarinho (Brasiliense)<br \/>\nElivelto (Ceil\u00e2ndia)<br \/>\nRobston, Tarta (Gama)<br \/>\nDaniel (Real)<\/p>\n<p><strong>3 gols<\/strong><br \/>\nDid\u00e3o (Ceil\u00e2ndia)<br \/>\nWeslley Bras\u00edlia (Formosa)<br \/>\nVitor Hugo (Real)<br \/>\nGil (Santa Maria)<br \/>\nGeovane, Mirandinha (Sobradinho)<\/p>\n<p><strong>2 gols<\/strong><br \/>\nAldo, Filipe Cirne (Brasiliense)<br \/>\nCau\u00ea, Emerson Martins, Gago, Ronan, Wallace (Ceil\u00e2ndia)<br \/>\nMarcos Paullo (Formosa)<br \/>\nF\u00e1bio Gama, Fabio Saci, Fernandinho (Gama)<br \/>\nZ\u00e9 Wilson (Paracatu)<br \/>\nLucas Victor (Parano\u00e1)<br \/>\nKaio (Real)<br \/>\nAmaral, Marcelo Passos (Santa Maria)<br \/>\nLuan (Sobradinho)<\/p>\n<p><strong>1 gol<\/strong><br \/>\nAmendoim, Bigu, Igor, Maiqui, Pedrinho, Z\u00e9 Augusto (Bolamense)<br \/>\nLuquinhas, Mario Henrique, Souza, Zizu (Brasiliense)<br \/>\nAllann Delon, Julio Ferrari, Vav\u00e1 (Ceil\u00e2ndia)<br \/>\nDaniel Costa (Formosa)<br \/>\nFelipe,\u00a0Gordo, Jac\u00f3, L\u00facio, Murilo, Rafinha, Roberto Pitio (Gama)<br \/>\nAnjinho, Catatau, Castro Junior, Gilmar, Julio, Paranagu\u00e1, Pedro (Luzi\u00e2nia)<br \/>\nDavid, Dim, Igor, Taison (Paracatu)<br \/>\nChina, Igor, Imperador, Rafa Fontes, Weverton (Parano\u00e1)<br \/>\nDed\u00ea, Jorginho, Kak\u00e1, Pedrinho, Willian (Real)<br \/>\nFelipe, Neiva (Samambaia)<br \/>\nEricsson, Junior Bala, Rafael, Reis, Rom\u00e1rio, Thompson (Santa Maria)<br \/>\nEwerton, Igor, Rambo, Jo\u00e3o Manoel (Sobradinho)<\/p>\n<p><span style=\"color: #ff0000;\"><strong>Gol contra<\/strong><\/span><br \/>\nWeverton (Parano\u00e1) para o Gama<br \/>\nEverton (Santa Maria) para o Gama<br \/>\nCocada (Ceil\u00e2ndia) para o Bolamense<br \/>\nL\u00e9o Torres (Parano\u00e1) para o Bolamense<br \/>\nVitor Hugo (Real) para o Sobradinho<br \/>\nRodrigo Barros (Luzi\u00e2nia) para o Brasiliense<\/p>\n<p><a name=\"tabela1fase\"><\/a><\/p>\n<h1 style=\"text-align: center;\"><strong>Primeira Fase<\/strong><\/h1>\n<p>1\u00aa Rodada<\/p>\n<p>20\/01 17.00 &#8211;\u00a0Santa Maria 2&#215;2 Luzi\u00e2nia &#8211; Bezerr\u00e3o<br \/>\n20\/01 17.00 &#8211;\u00a0Paracatu 1&#215;0 Samambaia &#8211; Frei Norberto<br \/>\n21\/01 11.00 &#8211;\u00a0Sobradinho 2&#215;1 Formosa &#8211; Agostinho Lima<br \/>\n21\/01 16.00 &#8211;\u00a0Brasiliense 1&#215;2 Real &#8211; Man\u00e9 Garrincha<br \/>\n21\/01 17.00 &#8211;\u00a0Gama 1&#215;2 Bolamense &#8211; Bezerr\u00e3o<br \/>\n21\/02 15.30\u00a0&#8211;\u00a0Ceil\u00e2ndia 4&#215;1 Parano\u00e1 &#8211; Abadi\u00e3o<\/p>\n<p>2\u00aa Rodada<\/p>\n<p>27\/01 10.30 &#8211; Parano\u00e1 1&#215;0 Santa Maria &#8211; Agostinho Lima<br \/>\n27\/01 16.00 &#8211; Real 2&#215;2 Paracatu &#8211; Serra do Lago<br \/>\n27\/01 17.00 &#8211; Samambaia 1&#215;2 Brasiliense &#8211; Roriz\u00e3o<br \/>\n28\/01 17.00 &#8211; Luzi\u00e2nia 0x0 Ceil\u00e2ndia &#8211; Serra do Lago<br \/>\n28\/01 17.00 &#8211; Bolamense 0x1 Sobradinho &#8211; Serej\u00e3o<br \/>\n28\/01 17.00 &#8211; Formosa 0x2 Gama &#8211; Diog\u00e3o<\/p>\n<p>3\u00aa Rodada<\/p>\n<p>31\/01 17.00 &#8211; Sobradinho 1&#215;1 Samambaia &#8211; Agostinho Lima<br \/>\n31\/01 17.00 &#8211; Santa Maria 0x2 Real &#8211; Bezerr\u00e3o<br \/>\n31\/01 17.00 &#8211; Ceil\u00e2ndia 3&#215;0 Formosa &#8211; Abadi\u00e3o<br \/>\n01\/02 20.00 &#8211; Gama 2&#215;1 Parano\u00e1 &#8211; Bezerr\u00e3o<br \/>\n21\/02 16.00\u00a0&#8211; Brasiliense 1&#215;0 Bolamense &#8211; Man\u00e9 Garrincha<br \/>\n21\/02 18.00 &#8211; Paracatu 1&#215;1 Luzi\u00e2nia &#8211; Frei Norberto (remarcado ap\u00f3s chuva)<\/p>\n<p>4\u00aa Rodada<\/p>\n<p>03\/02 17.00 &#8211; Luzi\u00e2nia 1&#215;1 Brasiliense &#8211; Serra do Lago<br \/>\n04\/02 10.30 &#8211; Parano\u00e1 1&#215;2 Sobradinho &#8211; Agostinho Lima<br \/>\n04\/02 10.30 &#8211; Bolamense 0x1 Paracatu &#8211; Serej\u00e3o<br \/>\n04\/02 17.00 &#8211; Real 1&#215;2 Ceil\u00e2ndia &#8211; Serra do Lago<br \/>\n04\/02 17.00 &#8211; Formosa 1&#215;0 Santa Maria &#8211; Diog\u00e3o<br \/>\n05\/02 20.00 &#8211; Gama 3&#215;0 Samambaia &#8211; Bezerr\u00e3o<\/p>\n<p>5\u00aa Rodada<\/p>\n<p>07\/02 16.30 &#8211; Parano\u00e1 0x0 Luzi\u00e2nia &#8211; Agostinho Lima<br \/>\n07\/02 17.00 &#8211; Real 1&#215;2 Bolamense &#8211; Serra do Lago<br \/>\n08\/02 17.00 &#8211; Samambaia 0x1 Formosa &#8211; Roriz\u00e3o<br \/>\n09\/02 20.00 &#8211; Brasiliense 2&#215;1 Gama &#8211; Man\u00e9 Garrincha<br \/>\n10\/02 17.00 &#8211; Paracatu 1&#215;2 Sobradinho &#8211; Frei Norberto<br \/>\n07\/03 15.30\u00a0&#8211; Santa Maria 1&#215;0 Ceil\u00e2ndia &#8211; Bezerr\u00e3o<\/p>\n<p>6\u00aa Rodada<\/p>\n<p>13\/02 17.00 &#8211; Formosa 0x1 Paracatu &#8211; Diog\u00e3o<br \/>\n15\/02 16.00 &#8211; Samambaia 1&#215;0 Parano\u00e1 &#8211; Roriz\u00e3o<br \/>\n15\/02 16.00 &#8211; Sobradinho 0x1 Real &#8211; Agostinho Lima<br \/>\n15\/02 16.00 &#8211; Bolamense 0x2 Luzi\u00e2nia &#8211; Abadi\u00e3o<br \/>\n15\/02 20.00 &#8211; Gama 5&#215;2 Santa Maria &#8211; Bezerr\u00e3o<br \/>\n11\/03 15.30\u00a0&#8211; Ceil\u00e2ndia 1&#215;0 Brasiliense &#8211; Abadi\u00e3o<\/p>\n<p>7\u00aa Rodada<\/p>\n<p>18\/02 11.00 &#8211; Sobradinho 2&#215;2 Gama &#8211; Agostinho Lima<br \/>\n18\/02 15.30 &#8211; Bolamense 1&#215;2 Ceil\u00e2ndia &#8211; Abadi\u00e3o<br \/>\n18\/02 15.30 &#8211; Luzi\u00e2nia 2&#215;0 Samambaia &#8211; Serra do Lago<br \/>\n18\/02 16.00 &#8211; Paracatu 3&#215;1 Santa Maria &#8211; Frei Norberto<br \/>\n18\/02 16.00 &#8211; Brasiliense 3&#215;0 Parano\u00e1 &#8211; Man\u00e9 Garrincha<br \/>\n20\/02 15.30 &#8211; Real 2&#215;2 Formosa &#8211; Bezerr\u00e3o<\/p>\n<p>8\u00aa Rodada<\/p>\n<p>24\/02 16.00 &#8211; Paracatu 2&#215;4 Gama &#8211; Frei Norberto<br \/>\n25\/02 10.30 &#8211; Parano\u00e1 1&#215;1 Formosa &#8211; Agostinho Lima<br \/>\n25\/02 10.30 &#8211; Santa Maria 0x4 Brasiliense &#8211; Bezerr\u00e3o<br \/>\n25\/02 11.00 &#8211; Samambaia 0x1 Bolamense &#8211; Roriz\u00e3o<br \/>\n25\/02 15.30 &#8211; Ceil\u00e2ndia 1&#215;0 Sobradinho &#8211; Abadi\u00e3o<br \/>\n25\/02 15.30 &#8211; Luzi\u00e2nia 3&#215;3 Real &#8211; Serra do Lago<\/p>\n<p>9\u00aa Rodada<\/p>\n<p>28\/02 15.30 &#8211; Real 1&#215;0 Samambaia &#8211;\u00a0Agostinho Lima<br \/>\n28\/02 15.30 &#8211; Bolamense 2&#215;2 Parano\u00e1 &#8211; Abadi\u00e3o<br \/>\n28\/02 16.00 &#8211; Formosa 2&#215;2 Luzi\u00e2nia &#8211; Diog\u00e3o<br \/>\n28\/02 16.00 &#8211; Brasiliense 0x0 Paracatu &#8211; Man\u00e9 Garrincha<br \/>\n28\/02 20.00 &#8211; Gama 1&#215;0 Ceil\u00e2ndia &#8211; Bezerr\u00e3o<br \/>\n01\/03 15.30 &#8211; Santa Maria 1&#215;2 Sobradinho &#8211; Bezerr\u00e3o<\/p>\n<p>10\u00aa Rodada<\/p>\n<p>03\/03 10.30 &#8211; Parano\u00e1 0x2 Real &#8211; Augustinho Lima<br \/>\n04\/03 11.00 &#8211; Samambaia 2&#215;2 Santa Maria &#8211; Roriz\u00e3o<br \/>\n04\/03 11.00 &#8211; Sobradinho 1&#215;2 Brasiliense &#8211; Agostinho Lima<br \/>\n04\/03 15.30 &#8211; Ceil\u00e2ndia 3&#215;0 Paracatu &#8211; Abadi\u00e3o<br \/>\n04\/03 16.00 &#8211; Formosa 1&#215;0 Bolamense &#8211; Diog\u00e3o<br \/>\n07\/03 20.00 &#8211; Luzi\u00e2nia 0x0 Gama &#8211; Serra do Lago<\/p>\n<p>11\u00aa Rodada<\/p>\n<p>14\/03 15.30 &#8211; Brasiliense 2&#215;2 Formosa &#8211;\u00a0Serra do Lago<br \/>\n14\/03 15.30 &#8211; Gama 1&#215;0 Real &#8211; Bezerr\u00e3o<br \/>\n14\/03 15.30 &#8211; Santa Maria 4&#215;0 Bolamense &#8211; Diog\u00e3o<br \/>\n14\/03 15.30 &#8211; Ceil\u00e2ndia 5&#215;2 Samambaia &#8211; Abadi\u00e3o<br \/>\n14\/03 15.30 &#8211; Sobradinho 1&#215;0 Luzi\u00e2nia &#8211; Agostinho Lima<br \/>\n14\/03 15.30 &#8211; Paracatu 2&#215;0 Parano\u00e1 &#8211; Frei Norberto<\/p>\n<h1 style=\"text-align: center;\"><\/h1>\n<p><a name=\"tabela4as\"><\/a><\/p>\n<h1 style=\"text-align: center;\"><strong>Segunda Fase<\/strong><\/h1>\n<p><strong>A &#8211; CEIL\u00c2NDIA x FORMOSA<\/strong><br \/>\n18\/03 &#8211; 15.30 &#8211; Diog\u00e3o &#8211; FSA 0x2 CEI<br \/>\n22\/03 &#8211; 15.30 &#8211; Abadi\u00e3o &#8211; CEI 1&#215;1 FSA<\/p>\n<p><strong>B &#8211; GAMA x LUZI\u00c2NIA<\/strong><br \/>\n17\/03 &#8211; 15.30 &#8211; Serra do Lago &#8211; LUZ 1&#215;1 GAM<br \/>\n21\/03 &#8211; 20.30 &#8211; Bezerr\u00e3o &#8211; GAM 0x1 LUZ<\/p>\n<p><strong>C &#8211; BRASILIENSE x PARACATU<\/strong><br \/>\n17\/03 &#8211; 16.00 &#8211; Frei Norberto &#8211; PTU 0x2 BSE<br \/>\n21\/03 &#8211; 15.30 &#8211;\u00a0Abadi\u00e3o &#8211; BSE 2&#215;0 PTU<\/p>\n<p><strong>D &#8211; SOBRADINHO x REAL<\/strong><br \/>\n18\/03 &#8211; 15.30 &#8211;\u00a0Bezerr\u00e3o &#8211; REA 2&#215;4 SOB<br \/>\n22\/03 &#8211; 15.30 &#8211; Agostinho Lima &#8211; SOB 2&#215;1 REA<\/p>\n<h1 style=\"text-align: center;\"><strong>Terceira Fase<\/strong><\/h1>\n<p><strong>E &#8211;\u00a0CEIL\u00c2NDIA x SOBRADINHO<\/strong><br \/>\n25\/03 &#8211; 11.00 &#8211; Agostinho Lima &#8211; SOB 3&#215;1 CEI<br \/>\n28\/03 &#8211; 15.30 &#8211;\u00a0Abadi\u00e3o &#8211; CEI 0x0 SOB<\/p>\n<p><strong>F &#8211;\u00a0LUZI\u00c2NIA x BRASILIENSE<\/strong><br \/>\n25\/03 &#8211; 15.30 &#8211;\u00a0Serra do Lago &#8211; LUZ 1&#215;0 BSE<br \/>\n28\/03 &#8211;\u00a020.00 &#8211; Bezerr\u00e3o &#8211; BSE 2&#215;1 LUZ<\/p>\n<h1 style=\"text-align: center;\"><strong>Quarta Fase<\/strong><\/h1>\n<p><strong>G &#8211;\u00a0BRASILIENSE x\u00a0SOBRADINHO<\/strong><br \/>\n31\/03 &#8211; 16.15 &#8211; Man\u00e9 Garrincha &#8211; SOB 0x1 BSE<br \/>\n07\/04 &#8211; 16.15 &#8211; Man\u00e9 Garrincha &#8211; BSE 0x1 SOB<br \/>\n<em>Penaltis &#8211; BSE 3&#215;4 SOB<\/em><\/p>\n","protected":false},"excerpt":{"rendered":"<p>Atualizada em 08\/04\/2018 \u00e0s 12:55 CLASSIFICA\u00c7\u00c3O\u00a0|\u00a0ARTILHARIA\u00a0|\u00a0TABELA 1\u00aa FASE\u00a0|\u00a0TABELA FASE\u00a0FINAL Classifica\u00e7\u00e3o Pos. Time Pts J V E D GP GC SG Aprov. 1 Ceil\u00e2ndia 25 11 8 1 2 21 07 +14 75,7% 2 Gama 23 11 7 2 2 22 11 +11 69,6% 3 Brasiliense 21 11 6 3 2 18 09 +09 63,6% 4 [&hellip;]<\/p>\n","protected":false},"author":2,"featured_media":0,"parent":0,"menu_order":0,"comment_status":"closed","ping_status":"closed","template":"","meta":{"footnotes":""},"class_list":["post-6668","page","type-page","status-publish","hentry"],"_links":{"self":[{"href":"https:\/\/www.esportesbrasilia.com.br\/noticias\/wp-json\/wp\/v2\/pages\/6668","targetHints":{"allow":["GET"]}}],"collection":[{"href":"https:\/\/www.esportesbrasilia.com.br\/noticias\/wp-json\/wp\/v2\/pages"}],"about":[{"href":"https:\/\/www.esportesbrasilia.com.br\/noticias\/wp-json\/wp\/v2\/types\/page"}],"author":[{"embeddable":true,"href":"https:\/\/www.esportesbrasilia.com.br\/noticias\/wp-json\/wp\/v2\/users\/2"}],"replies":[{"embeddable":true,"href":"https:\/\/www.esportesbrasilia.com.br\/noticias\/wp-json\/wp\/v2\/comments?post=6668"}],"version-history":[{"count":52,"href":"https:\/\/www.esportesbrasilia.com.br\/noticias\/wp-json\/wp\/v2\/pages\/6668\/revisions"}],"predecessor-version":[{"id":8071,"href":"https:\/\/www.esportesbrasilia.com.br\/noticias\/wp-json\/wp\/v2\/pages\/6668\/revisions\/8071"}],"wp:attachment":[{"href":"https:\/\/www.esportesbrasilia.com.br\/noticias\/wp-json\/wp\/v2\/media?parent=6668"}],"curies":[{"name":"wp","href":"https:\/\/api.w.org\/{rel}","templated":true}]}}