{"id":1559,"date":"2016-04-15T12:33:03","date_gmt":"2016-04-15T15:33:03","guid":{"rendered":"http:\/\/www.esportesbrasilia.com.br\/noticias\/?page_id=1559"},"modified":"2016-05-08T01:06:07","modified_gmt":"2016-05-08T04:06:07","slug":"craquecandangao2016","status":"publish","type":"page","link":"https:\/\/www.esportesbrasilia.com.br\/noticias\/craquecandangao2016","title":{"rendered":"Craque da Galera &#8211; Candang\u00e3o 2016"},"content":{"rendered":"<h1>VOTA\u00c7\u00c3O ENCERRADA<\/h1>\n<p>Aguarde o resultado nesta segunda-feira, 09 de maio.<\/p>\n","protected":false},"excerpt":{"rendered":"<p>VOTA\u00c7\u00c3O ENCERRADA Aguarde o resultado nesta segunda-feira, 09 de maio.<\/p>\n","protected":false},"author":1,"featured_media":0,"parent":0,"menu_order":0,"comment_status":"closed","ping_status":"closed","template":"","meta":{"footnotes":""},"class_list":["post-1559","page","type-page","status-publish","hentry"],"_links":{"self":[{"href":"https:\/\/www.esportesbrasilia.com.br\/noticias\/wp-json\/wp\/v2\/pages\/1559","targetHints":{"allow":["GET"]}}],"collection":[{"href":"https:\/\/www.esportesbrasilia.com.br\/noticias\/wp-json\/wp\/v2\/pages"}],"about":[{"href":"https:\/\/www.esportesbrasilia.com.br\/noticias\/wp-json\/wp\/v2\/types\/page"}],"author":[{"embeddable":true,"href":"https:\/\/www.esportesbrasilia.com.br\/noticias\/wp-json\/wp\/v2\/users\/1"}],"replies":[{"embeddable":true,"href":"https:\/\/www.esportesbrasilia.com.br\/noticias\/wp-json\/wp\/v2\/comments?post=1559"}],"version-history":[{"count":3,"href":"https:\/\/www.esportesbrasilia.com.br\/noticias\/wp-json\/wp\/v2\/pages\/1559\/revisions"}],"predecessor-version":[{"id":1850,"href":"https:\/\/www.esportesbrasilia.com.br\/noticias\/wp-json\/wp\/v2\/pages\/1559\/revisions\/1850"}],"wp:attachment":[{"href":"https:\/\/www.esportesbrasilia.com.br\/noticias\/wp-json\/wp\/v2\/media?parent=1559"}],"curies":[{"name":"wp","href":"https:\/\/api.w.org\/{rel}","templated":true}]}}