{"id":10710,"date":"2019-05-18T12:40:32","date_gmt":"2019-05-18T15:40:32","guid":{"rendered":"http:\/\/www.esportesbrasilia.com.br\/noticias\/?page_id=10710"},"modified":"2019-10-19T23:10:25","modified_gmt":"2019-10-20T02:10:25","slug":"candangao2019serieb","status":"publish","type":"page","link":"https:\/\/www.esportesbrasilia.com.br\/noticias\/candangao2019serieb","title":{"rendered":"Tabela Candang\u00e3o S\u00e9rie B 2019"},"content":{"rendered":"\n<p><em>Atualizada em 19\/10\/2019 \u00e0s 17:59<\/em><\/p>\n\n\n\n<figure class=\"wp-block-image\"><img loading=\"lazy\" decoding=\"async\" width=\"3888\" height=\"2592\" src=\"https:\/\/www.esportesbrasilia.com.br\/noticias\/wp-content\/uploads\/postercampeaoserieb2019.jpg\" alt=\"\" class=\"wp-image-12060\" srcset=\"https:\/\/www.esportesbrasilia.com.br\/noticias\/wp-content\/uploads\/postercampeaoserieb2019.jpg 3888w, https:\/\/www.esportesbrasilia.com.br\/noticias\/wp-content\/uploads\/postercampeaoserieb2019-300x200.jpg 300w, https:\/\/www.esportesbrasilia.com.br\/noticias\/wp-content\/uploads\/postercampeaoserieb2019-768x512.jpg 768w, https:\/\/www.esportesbrasilia.com.br\/noticias\/wp-content\/uploads\/postercampeaoserieb2019-1024x683.jpg 1024w, https:\/\/www.esportesbrasilia.com.br\/noticias\/wp-content\/uploads\/postercampeaoserieb2019-696x464.jpg 696w, https:\/\/www.esportesbrasilia.com.br\/noticias\/wp-content\/uploads\/postercampeaoserieb2019-1068x712.jpg 1068w, https:\/\/www.esportesbrasilia.com.br\/noticias\/wp-content\/uploads\/postercampeaoserieb2019-630x420.jpg 630w\" sizes=\"auto, (max-width: 3888px) 100vw, 3888px\" \/><\/figure>\n\n\n\n<h2 class=\"wp-block-heading\">Classifica\u00e7\u00e3o<\/h2>\n\n\n\n<table class=\"wp-block-table\"><tbody><tr><td><strong>Pos.<\/strong><\/td><td><strong>Time<\/strong><\/td><td><strong>Pts<\/strong><\/td><td><strong>J<\/strong><\/td><td><strong>V<\/strong><\/td><td><strong>E<\/strong><\/td><td><strong>D<\/strong><\/td><td><strong>GP<\/strong><\/td><td><strong>GC<\/strong><\/td><td><strong>SG<\/strong><\/td><td><strong>Aprov.<\/strong><\/td><\/tr><tr><td>1<\/td><td>Parano\u00e1<\/td><td>21<\/td><td>9<\/td><td>6<\/td><td>3<\/td><td>0<\/td><td>15<\/td><td>04<\/td><td>+11<\/td><td>77,7%<\/td><\/tr><tr><td>2<\/td><td>Ceilandense<\/td><td>19<\/td><td>9<\/td><td>6<\/td><td>1<\/td><td>2<\/td><td>15<\/td><td>10<\/td><td>+05<\/td><td>70,3%<\/td><\/tr><tr><td>3<\/td><td>Botafogo-DF<\/td><td>19<\/td><td>9<\/td><td>5<\/td><td>4<\/td><td>0<\/td><td>18<\/td><td>10<\/td><td>+08<\/td><td>70,3%<\/td><\/tr><tr><td>4<\/td><td>Planaltina<\/td><td>16<\/td><td>9<\/td><td>5<\/td><td>1<\/td><td>3<\/td><td>18<\/td><td>12<\/td><td>+06<\/td><td>59,2%<\/td><\/tr><tr><td>5<\/td><td>Legi\u00e3o<\/td><td>15<\/td><td>9<\/td><td>4<\/td><td>3<\/td><td>2<\/td><td>08<\/td><td>07<\/td><td>+01<\/td><td>55,5%<\/td><\/tr><tr><td>6<\/td><td>Bras\u00edlia<\/td><td>13<\/td><td>9<\/td><td>3<\/td><td>4<\/td><td>2<\/td><td>10<\/td><td>08<\/td><td>+02<\/td><td>48,1%<\/td><\/tr><tr><td>7<\/td><td>Cruzeiro<\/td><td>10<\/td><td>9<\/td><td>2<\/td><td>4<\/td><td>3<\/td><td>07<\/td><td>08<\/td><td>-01<\/td><td>37%<\/td><\/tr><tr><td>8<\/td><td>Samambaense<\/td><td>07<\/td><td>9<\/td><td>2<\/td><td>1<\/td><td>6<\/td><td>14<\/td><td>19<\/td><td>-05<\/td><td>25,9%<\/td><\/tr><tr><td>9<\/td><td>CFZ Bras\u00edlia<\/td><td>03<\/td><td>9<\/td><td>1<\/td><td>0<\/td><td>8<\/td><td>08<\/td><td>25<\/td><td>-17<\/td><td>11,1%<\/td><\/tr><tr><td>10<\/td><td>Samambaia<\/td><td>01<\/td><td>9<\/td><td>0<\/td><td>1<\/td><td>8<\/td><td>07<\/td><td>17<\/td><td>-10<\/td><td>3,7%<\/td><\/tr><\/tbody><\/table>\n\n\n\n<p>1\u00aa rodada<br><br>24 de agosto<br>15h30 &#8211; Samambaia 2&#215;2 Legi\u00e3o &#8211; Serej\u00e3o<br>15h30 &#8211; Parano\u00e1 3&#215;0 CFZ Bras\u00edlia &#8211; JK<br><br>25 de agosto<br>10h30 &#8211; Botafogo-DF 1&#215;1 Cruzeiro &#8211; Serra do Lago<br>10h30 &#8211; Ceilandense 2&#215;1 Samambaense &#8211; Abadi\u00e3o<br>15h30 &#8211; Bras\u00edlia 2&#215;2 Planaltina &#8211; Man\u00e9 Garrincha<\/p>\n\n\n\n<p>2\u00aa rodada<\/p>\n\n\n\n<p>31 de agosto<br>10h30 &#8211; Cruzeiro 0x0 Parano\u00e1 &#8211; Augustinho Lima<br>15h30 &#8211; Botafogo-DF 4&#215;2 Ceilandense &#8211; Serej\u00e3o <br>15h30 &#8211; Planaltina 0x1 Legi\u00e3o &#8211; Diog\u00e3o<br><br>01 de setembro<br>15h30 &#8211; CFZ Bras\u00edlia 2&#215;1 Samambaia &#8211; Serra do Lago <br>10h30 &#8211; Samambaense 0x3 Bras\u00edlia &#8211; Serej\u00e3o<\/p>\n\n\n\n<p>3\u00aa Rodada<\/p>\n\n\n\n<p>07 de setembro<br>10h30 &#8211; Legi\u00e3o 2&#215;1 Samambaense &#8211; Serej\u00e3o<br>15h30 &#8211; Samambaia 2&#215;3 Planaltina &#8211; Serej\u00e3o<br>15h30 &#8211; CFZ Bras\u00edlia 1&#215;2 Cruzeiro &#8211; JK<br><br>08 de setembro<br>10h30 &#8211; Ceilandense 1&#215;1 Parano\u00e1 &#8211; Abadi\u00e3o<br>15h30 &#8211; Bras\u00edlia 2&#215;2 Botafogo-DF &#8211; Augustinho Lima<\/p>\n\n\n\n<p>4\u00aa Rodada<\/p>\n\n\n\n<p>14 de setembro<br>10h30 &#8211; Ceilandense 2&#215;0 CFZ Bras\u00edlia &#8211; Abadi\u00e3o <br>15h30 &#8211; Cruzeiro 1&#215;0 Samambaia &#8211; Augustinho Lima<br>15h30 &#8211; Botafogo-DF 0x0 Legi\u00e3o &#8211; Serej\u00e3o <br><br>15 de setembro<br>15h30 &#8211; Planaltina 3&#215;2 Samambaense &#8211; Augustinho Lima<br>15h30 &#8211; Parano\u00e1 1&#215;0 Bras\u00edlia &#8211; JK<\/p>\n\n\n\n<p>5\u00aa Rodada<\/p>\n\n\n\n<p>21 de setembro<br>10h30 &#8211; Cruzeiro 1&#215;2 Ceilandense &#8211; Serej\u00e3o<br>11h &#8211; Bras\u00edlia 1&#215;0 CFZ Bras\u00edlia &#8211; Serra do Lago <br><br>22 de setembro<br>10h30 &#8211; Samambaense 2&#215;0 Samambaia &#8211; Serej\u00e3o <br>15h30 &#8211; Planaltina 1&#215;2 Botafogo-DF &#8211; Augustinho Lima<br>15h30 &#8211; Legi\u00e3o 0x2 Parano\u00e1 &#8211; Serra do Lago  <\/p>\n\n\n\n<p>6\u00aa Rodada<\/p>\n\n\n\n<p>28 de setembro<br> 10h30 &#8211; CFZ Bras\u00edlia 0x1 Legi\u00e3o &#8211; Serra do Lago <br>15h30 &#8211; Bras\u00edlia 0x0 Cruzeiro &#8211; Serej\u00e3o <br><br>29 de setembro<br>10h30 &#8211; Botafogo-DF 2&#215;1 Samambaense &#8211; Serej\u00e3o<br>15h30 &#8211; Samambaia 0x1 Ceilandense &#8211; Serej\u00e3o <br>15h30 &#8211; Parano\u00e1 2&#215;1 Planaltina &#8211; JK<\/p>\n\n\n\n<p>7\u00aa Rodada<\/p>\n\n\n\n<p>05 de outubro<br>10h30 &#8211; Ceilandense 2&#215;0 Bras\u00edlia &#8211; Serej\u00e3o <br>11h &#8211; Legi\u00e3o 0x0 Cruzeiro &#8211; Diog\u00e3o <br>15h30 &#8211; Samambaia 0x1 Botafogo-DF &#8211; Serej\u00e3o<br>15h30 &#8211; Samambaense 1&#215;3 Parano\u00e1 &#8211; JK<br><br>06 de outubro<br>15h30 &#8211; Planaltina 5&#215;0 CFZ Bras\u00edlia &#8211; JK<\/p>\n\n\n\n<p>8\u00aa Rodada<\/p>\n\n\n\n<p>12 de outubro<br>10h30 &#8211; Parano\u00e1 0x0 Botafogo-DF &#8211; JK <br>10h30 &#8211; Ceilandense 2&#215;1 Legi\u00e3o &#8211; Serej\u00e3o <br>15h30 &#8211; Bras\u00edlia 2&#215;1 Samambaia &#8211; Serej\u00e3o<br><br>13 de outubro<br>10h30 &#8211; Cruzeiro 0x1 Planaltina &#8211; Augustinho Lima<br><br>14 de outubro<br>10h30 &#8211; CFZ Bras\u00edlia 2&#215;4 Samambaense &#8211; JK<\/p>\n\n\n\n<p>9\u00aa Rodada<\/p>\n\n\n\n<p>17 de outubro<br>11h &#8211; Legi\u00e3o 0x0 Bras\u00edlia &#8211; JK<br><br>19 de outubro<br>10h30 &#8211; Samambaense 2&#215;2 Cruzeiro &#8211; JK<br>15h30 &#8211; Samambaia 1&#215;3 Parano\u00e1 &#8211; Serej\u00e3o<br>15h30 &#8211; Botafogo-DF 6&#215;3 CFZ Bras\u00edlia &#8211; Augustinho Lima<br>15h30 &#8211; Planaltina 2&#215;1 Ceilandense &#8211; JK<br><\/p>\n","protected":false},"excerpt":{"rendered":"<p>Atualizada em 19\/10\/2019 \u00e0s 17:59 Classifica\u00e7\u00e3o Pos. Time Pts J V E D GP GC SG Aprov. 1 Parano\u00e1 21 9 6 3 0 15 04 +11 77,7% 2 Ceilandense 19 9 6 1 2 15 10 +05 70,3% 3 Botafogo-DF 19 9 5 4 0 18 10 +08 70,3% 4 Planaltina 16 9 5 [&hellip;]<\/p>\n","protected":false},"author":1,"featured_media":0,"parent":0,"menu_order":0,"comment_status":"closed","ping_status":"closed","template":"","meta":{"footnotes":""},"class_list":["post-10710","page","type-page","status-publish","hentry"],"_links":{"self":[{"href":"https:\/\/www.esportesbrasilia.com.br\/noticias\/wp-json\/wp\/v2\/pages\/10710","targetHints":{"allow":["GET"]}}],"collection":[{"href":"https:\/\/www.esportesbrasilia.com.br\/noticias\/wp-json\/wp\/v2\/pages"}],"about":[{"href":"https:\/\/www.esportesbrasilia.com.br\/noticias\/wp-json\/wp\/v2\/types\/page"}],"author":[{"embeddable":true,"href":"https:\/\/www.esportesbrasilia.com.br\/noticias\/wp-json\/wp\/v2\/users\/1"}],"replies":[{"embeddable":true,"href":"https:\/\/www.esportesbrasilia.com.br\/noticias\/wp-json\/wp\/v2\/comments?post=10710"}],"version-history":[{"count":50,"href":"https:\/\/www.esportesbrasilia.com.br\/noticias\/wp-json\/wp\/v2\/pages\/10710\/revisions"}],"predecessor-version":[{"id":12062,"href":"https:\/\/www.esportesbrasilia.com.br\/noticias\/wp-json\/wp\/v2\/pages\/10710\/revisions\/12062"}],"wp:attachment":[{"href":"https:\/\/www.esportesbrasilia.com.br\/noticias\/wp-json\/wp\/v2\/media?parent=10710"}],"curies":[{"name":"wp","href":"https:\/\/api.w.org\/{rel}","templated":true}]}}